{"id":138,"date":"2020-11-07T20:45:35","date_gmt":"2020-11-07T19:45:35","guid":{"rendered":"http:\/\/lepol.fr\/?post_type=product&#038;p=138"},"modified":"2020-11-25T15:06:32","modified_gmt":"2020-11-25T14:06:32","slug":"effervescent-blanc","status":"publish","type":"product","link":"https:\/\/lepol.fr\/?product=effervescent-blanc","title":{"rendered":"Effervescent blanc &#8211; Festival p\u00e9tillant"},"content":{"rendered":"<p>Vin effervescent blanc, bio, nature, sans sulfites ajout\u00e9s, m\u00e9thode ancestrale.<\/p>\n<p>A d\u00e9couvrir prochainement : \u00e0 partir de Juin 2021.<\/p>\n","protected":false},"excerpt":{"rendered":"<p>Vin effervescent blanc, bio, nature, sans sulfites ajout\u00e9s, m\u00e9thode ancestrale. A d\u00e9couvrir prochainement : \u00e0 partir de Juin 2021.<\/p>\n","protected":false},"featured_media":284,"comment_status":"open","ping_status":"closed","template":"","meta":{"spay_email":""},"product_cat":[28],"product_tag":[],"yoast_head":"<!-- This site is optimized with the Yoast SEO plugin v15.9.2 - https:\/\/yoast.com\/wordpress\/plugins\/seo\/ -->\n<title>Effervescent blanc - Festival p\u00e9tillant - Le Pol del Lauragu\u00e9s - Vin nature et bio du Lauragais<\/title>\n<meta name=\"robots\" content=\"index, follow, max-snippet:-1, max-image-preview:large, max-video-preview:-1\" \/>\n<link rel=\"canonical\" href=\"https:\/\/lepol.fr\/?product=effervescent-blanc\" \/>\n<meta property=\"og:locale\" content=\"fr_FR\" \/>\n<meta property=\"og:type\" content=\"article\" \/>\n<meta property=\"og:title\" content=\"Effervescent blanc - Festival p\u00e9tillant - Le Pol del Lauragu\u00e9s - Vin nature et bio du Lauragais\" \/>\n<meta property=\"og:description\" content=\"Vin effervescent blanc, bio, nature, sans sulfites ajout\u00e9s, m\u00e9thode ancestrale. A d\u00e9couvrir prochainement : \u00e0 partir de Juin 2021.\" \/>\n<meta property=\"og:url\" content=\"https:\/\/lepol.fr\/?product=effervescent-blanc\" \/>\n<meta property=\"og:site_name\" content=\"Le Pol del Lauragu\u00e9s - Vin nature et bio du Lauragais\" \/>\n<meta property=\"article:modified_time\" content=\"2020-11-25T14:06:32+00:00\" \/>\n<meta property=\"og:image\" content=\"https:\/\/lepol.fr\/wp-content\/uploads\/2020\/11\/Festival-Petillant-2020.jpg\" \/>\n\t<meta property=\"og:image:width\" content=\"1169\" \/>\n\t<meta property=\"og:image:height\" content=\"826\" \/>\n<meta name=\"twitter:card\" content=\"summary_large_image\" \/>\n<script type=\"application\/ld+json\" class=\"yoast-schema-graph\">{\"@context\":\"https:\/\/schema.org\",\"@graph\":[{\"@type\":\"Organization\",\"@id\":\"https:\/\/lepol.fr\/#organization\",\"name\":\"Le Pol del Lauragu\\u00e9s\",\"url\":\"https:\/\/lepol.fr\/\",\"sameAs\":[],\"logo\":{\"@type\":\"ImageObject\",\"@id\":\"https:\/\/lepol.fr\/#logo\",\"inLanguage\":\"fr-FR\",\"url\":\"https:\/\/lepol.fr\/wp-content\/uploads\/2020\/11\/image-logo-le-pol.jpg\",\"width\":579,\"height\":433,\"caption\":\"Le Pol del Lauragu\\u00e9s\"},\"image\":{\"@id\":\"https:\/\/lepol.fr\/#logo\"}},{\"@type\":\"WebSite\",\"@id\":\"https:\/\/lepol.fr\/#website\",\"url\":\"https:\/\/lepol.fr\/\",\"name\":\"LeLe Pol del Lauragu\\u00e9s - Vin nature et bio\",\"description\":\"\",\"publisher\":{\"@id\":\"https:\/\/lepol.fr\/#organization\"},\"potentialAction\":[{\"@type\":\"SearchAction\",\"target\":\"https:\/\/lepol.fr\/?s={search_term_string}\",\"query-input\":\"required name=search_term_string\"}],\"inLanguage\":\"fr-FR\"},{\"@type\":\"ImageObject\",\"@id\":\"https:\/\/lepol.fr\/?product=effervescent-blanc#primaryimage\",\"inLanguage\":\"fr-FR\",\"url\":\"https:\/\/lepol.fr\/wp-content\/uploads\/2020\/11\/Festival-Petillant-2020.jpg\",\"width\":1169,\"height\":826},{\"@type\":\"WebPage\",\"@id\":\"https:\/\/lepol.fr\/?product=effervescent-blanc#webpage\",\"url\":\"https:\/\/lepol.fr\/?product=effervescent-blanc\",\"name\":\"Effervescent blanc - Festival p\\u00e9tillant - Le Pol del Lauragu\\u00e9s - Vin nature et bio du Lauragais\",\"isPartOf\":{\"@id\":\"https:\/\/lepol.fr\/#website\"},\"primaryImageOfPage\":{\"@id\":\"https:\/\/lepol.fr\/?product=effervescent-blanc#primaryimage\"},\"datePublished\":\"2020-11-07T19:45:35+00:00\",\"dateModified\":\"2020-11-25T14:06:32+00:00\",\"breadcrumb\":{\"@id\":\"https:\/\/lepol.fr\/?product=effervescent-blanc#breadcrumb\"},\"inLanguage\":\"fr-FR\",\"potentialAction\":[{\"@type\":\"ReadAction\",\"target\":[\"https:\/\/lepol.fr\/?product=effervescent-blanc\"]}]},{\"@type\":\"BreadcrumbList\",\"@id\":\"https:\/\/lepol.fr\/?product=effervescent-blanc#breadcrumb\",\"itemListElement\":[{\"@type\":\"ListItem\",\"position\":1,\"item\":{\"@type\":\"WebPage\",\"@id\":\"https:\/\/lepol.fr\/\",\"url\":\"https:\/\/lepol.fr\/\",\"name\":\"Accueil\"}},{\"@type\":\"ListItem\",\"position\":2,\"item\":{\"@type\":\"WebPage\",\"@id\":\"https:\/\/lepol.fr\/?page_id=62\",\"url\":\"https:\/\/lepol.fr\/?page_id=62\",\"name\":\"Boutique\"}},{\"@type\":\"ListItem\",\"position\":3,\"item\":{\"@type\":\"WebPage\",\"@id\":\"https:\/\/lepol.fr\/?product=effervescent-blanc\",\"url\":\"https:\/\/lepol.fr\/?product=effervescent-blanc\",\"name\":\"Effervescent blanc &#8211; Festival p\\u00e9tillant\"}}]}]}<\/script>\n<!-- \/ Yoast SEO plugin. -->","_links":{"self":[{"href":"https:\/\/lepol.fr\/index.php?rest_route=\/wp\/v2\/product\/138"}],"collection":[{"href":"https:\/\/lepol.fr\/index.php?rest_route=\/wp\/v2\/product"}],"about":[{"href":"https:\/\/lepol.fr\/index.php?rest_route=\/wp\/v2\/types\/product"}],"replies":[{"embeddable":true,"href":"https:\/\/lepol.fr\/index.php?rest_route=%2Fwp%2Fv2%2Fcomments&post=138"}],"wp:featuredmedia":[{"embeddable":true,"href":"https:\/\/lepol.fr\/index.php?rest_route=\/wp\/v2\/media\/284"}],"wp:attachment":[{"href":"https:\/\/lepol.fr\/index.php?rest_route=%2Fwp%2Fv2%2Fmedia&parent=138"}],"wp:term":[{"taxonomy":"product_cat","embeddable":true,"href":"https:\/\/lepol.fr\/index.php?rest_route=%2Fwp%2Fv2%2Fproduct_cat&post=138"},{"taxonomy":"product_tag","embeddable":true,"href":"https:\/\/lepol.fr\/index.php?rest_route=%2Fwp%2Fv2%2Fproduct_tag&post=138"}],"curies":[{"name":"wp","href":"https:\/\/api.w.org\/{rel}","templated":true}]}}