{"id":131,"date":"2020-11-07T20:13:30","date_gmt":"2020-11-07T19:13:30","guid":{"rendered":"http:\/\/lepol.fr\/?post_type=product&#038;p=131"},"modified":"2025-05-11T02:55:18","modified_gmt":"2025-05-11T00:55:18","slug":"cuvada-del-senator-carignan","status":"publish","type":"product","link":"https:\/\/lepol.fr\/?product=cuvada-del-senator-carignan","title":{"rendered":"Cuvada del Senator"},"content":{"rendered":"<p>Cuvada del Senator &#8211; Cuv\u00e9e du S\u00e9nateur 2019<\/p>\n<p>Vin rouge bio, sans sulfites ajout\u00e9s, c\u00e9page Carignan, \u00e9lev\u00e9 en Jarre en terre du Lauragais<\/p>\n<p>Red wine, Carignan local grape variety, maturated earthenware jar mad out local eath.<\/p>\n","protected":false},"excerpt":{"rendered":"<p>Cuvada del Senator &#8211; Cuv\u00e9e du S\u00e9nateur 2019 &#8211; Elev\u00e9 en jarre en terre du Lauragais<\/p>\n","protected":false},"featured_media":132,"comment_status":"open","ping_status":"closed","template":"","meta":{"spay_email":""},"product_cat":[26],"product_tag":[],"yoast_head":"<!-- This site is optimized with the Yoast SEO plugin v15.9.2 - https:\/\/yoast.com\/wordpress\/plugins\/seo\/ -->\n<title>Cuvada del Senator - Le Pol del Lauragu\u00e9s - Vin nature et bio du Lauragais<\/title>\n<meta name=\"robots\" content=\"index, follow, max-snippet:-1, max-image-preview:large, max-video-preview:-1\" \/>\n<link rel=\"canonical\" href=\"https:\/\/lepol.fr\/index.php\/produit\/cuvada-del-senator-carignan\/\" \/>\n<meta property=\"og:locale\" content=\"fr_FR\" \/>\n<meta property=\"og:type\" content=\"article\" \/>\n<meta property=\"og:title\" content=\"Cuvada del Senator - Le Pol del Lauragu\u00e9s - Vin nature et bio du Lauragais\" \/>\n<meta property=\"og:description\" content=\"Cuvada del Senator - Cuv\u00e9e du S\u00e9nateur 2019 - Elev\u00e9 en jarre en terre du Lauragais\" \/>\n<meta property=\"og:url\" content=\"https:\/\/lepol.fr\/index.php\/produit\/cuvada-del-senator-carignan\/\" \/>\n<meta property=\"og:site_name\" content=\"Le Pol del Lauragu\u00e9s - Vin nature et bio du Lauragais\" \/>\n<meta property=\"article:modified_time\" content=\"2025-05-11T00:55:18+00:00\" \/>\n<meta property=\"og:image\" content=\"https:\/\/lepol.fr\/wp-content\/uploads\/2020\/11\/Le-Pol-Carignan-Senator-2.jpg\" \/>\n\t<meta property=\"og:image:width\" content=\"826\" \/>\n\t<meta property=\"og:image:height\" content=\"1169\" \/>\n<meta name=\"twitter:card\" content=\"summary_large_image\" \/>\n<script type=\"application\/ld+json\" class=\"yoast-schema-graph\">{\"@context\":\"https:\/\/schema.org\",\"@graph\":[{\"@type\":\"Organization\",\"@id\":\"https:\/\/lepol.fr\/#organization\",\"name\":\"Le Pol del Lauragu\\u00e9s\",\"url\":\"https:\/\/lepol.fr\/\",\"sameAs\":[],\"logo\":{\"@type\":\"ImageObject\",\"@id\":\"https:\/\/lepol.fr\/#logo\",\"inLanguage\":\"fr-FR\",\"url\":\"https:\/\/lepol.fr\/wp-content\/uploads\/2020\/11\/image-logo-le-pol.jpg\",\"width\":579,\"height\":433,\"caption\":\"Le Pol del Lauragu\\u00e9s\"},\"image\":{\"@id\":\"https:\/\/lepol.fr\/#logo\"}},{\"@type\":\"WebSite\",\"@id\":\"https:\/\/lepol.fr\/#website\",\"url\":\"https:\/\/lepol.fr\/\",\"name\":\"LeLe Pol del Lauragu\\u00e9s - Vin nature et bio\",\"description\":\"\",\"publisher\":{\"@id\":\"https:\/\/lepol.fr\/#organization\"},\"potentialAction\":[{\"@type\":\"SearchAction\",\"target\":\"https:\/\/lepol.fr\/?s={search_term_string}\",\"query-input\":\"required name=search_term_string\"}],\"inLanguage\":\"fr-FR\"},{\"@type\":\"ImageObject\",\"@id\":\"https:\/\/lepol.fr\/index.php\/produit\/cuvada-del-senator-carignan\/#primaryimage\",\"inLanguage\":\"fr-FR\",\"url\":\"https:\/\/lepol.fr\/wp-content\/uploads\/2020\/11\/Le-Pol-Carignan-Senator-2.jpg\",\"width\":826,\"height\":1169},{\"@type\":\"WebPage\",\"@id\":\"https:\/\/lepol.fr\/index.php\/produit\/cuvada-del-senator-carignan\/#webpage\",\"url\":\"https:\/\/lepol.fr\/index.php\/produit\/cuvada-del-senator-carignan\/\",\"name\":\"Cuvada del Senator - Le Pol del Lauragu\\u00e9s - Vin nature et bio du Lauragais\",\"isPartOf\":{\"@id\":\"https:\/\/lepol.fr\/#website\"},\"primaryImageOfPage\":{\"@id\":\"https:\/\/lepol.fr\/index.php\/produit\/cuvada-del-senator-carignan\/#primaryimage\"},\"datePublished\":\"2020-11-07T19:13:30+00:00\",\"dateModified\":\"2025-05-11T00:55:18+00:00\",\"breadcrumb\":{\"@id\":\"https:\/\/lepol.fr\/index.php\/produit\/cuvada-del-senator-carignan\/#breadcrumb\"},\"inLanguage\":\"fr-FR\",\"potentialAction\":[{\"@type\":\"ReadAction\",\"target\":[\"https:\/\/lepol.fr\/index.php\/produit\/cuvada-del-senator-carignan\/\"]}]},{\"@type\":\"BreadcrumbList\",\"@id\":\"https:\/\/lepol.fr\/index.php\/produit\/cuvada-del-senator-carignan\/#breadcrumb\",\"itemListElement\":[{\"@type\":\"ListItem\",\"position\":1,\"item\":{\"@type\":\"WebPage\",\"@id\":\"https:\/\/lepol.fr\/\",\"url\":\"https:\/\/lepol.fr\/\",\"name\":\"Accueil\"}},{\"@type\":\"ListItem\",\"position\":2,\"item\":{\"@type\":\"WebPage\",\"@id\":\"https:\/\/lepol.fr\/?page_id=62\",\"url\":\"https:\/\/lepol.fr\/?page_id=62\",\"name\":\"Boutique\"}},{\"@type\":\"ListItem\",\"position\":3,\"item\":{\"@type\":\"WebPage\",\"@id\":\"https:\/\/lepol.fr\/index.php\/produit\/cuvada-del-senator-carignan\/\",\"url\":\"https:\/\/lepol.fr\/index.php\/produit\/cuvada-del-senator-carignan\/\",\"name\":\"Cuvada del Senator\"}}]}]}<\/script>\n<!-- \/ Yoast SEO plugin. -->","_links":{"self":[{"href":"https:\/\/lepol.fr\/index.php?rest_route=\/wp\/v2\/product\/131"}],"collection":[{"href":"https:\/\/lepol.fr\/index.php?rest_route=\/wp\/v2\/product"}],"about":[{"href":"https:\/\/lepol.fr\/index.php?rest_route=\/wp\/v2\/types\/product"}],"replies":[{"embeddable":true,"href":"https:\/\/lepol.fr\/index.php?rest_route=%2Fwp%2Fv2%2Fcomments&post=131"}],"wp:featuredmedia":[{"embeddable":true,"href":"https:\/\/lepol.fr\/index.php?rest_route=\/wp\/v2\/media\/132"}],"wp:attachment":[{"href":"https:\/\/lepol.fr\/index.php?rest_route=%2Fwp%2Fv2%2Fmedia&parent=131"}],"wp:term":[{"taxonomy":"product_cat","embeddable":true,"href":"https:\/\/lepol.fr\/index.php?rest_route=%2Fwp%2Fv2%2Fproduct_cat&post=131"},{"taxonomy":"product_tag","embeddable":true,"href":"https:\/\/lepol.fr\/index.php?rest_route=%2Fwp%2Fv2%2Fproduct_tag&post=131"}],"curies":[{"name":"wp","href":"https:\/\/api.w.org\/{rel}","templated":true}]}}